{"id":425,"date":"2022-04-22T02:22:14","date_gmt":"2022-04-22T02:22:14","guid":{"rendered":"http:\/\/familiasencristo.org\/?page_id=425"},"modified":"2025-12-22T10:02:50","modified_gmt":"2025-12-22T16:02:50","slug":"sobre-hector-morales","status":"publish","type":"page","link":"https:\/\/familiasencristo.org\/?page_id=425","title":{"rendered":"Sobre H\u00e9ctor Morales"},"content":{"rendered":"<div class=\"wp-block-image is-resized is-style-rounded\">\n<figure class=\"aligncenter size-full\"><a href=\"http:\/\/familiasencristo.org\/wp-content\/uploads\/2025\/12\/Hector-Morales-01.jpeg\"><img loading=\"lazy\" decoding=\"async\" width=\"864\" height=\"1098\" src=\"http:\/\/familiasencristo.org\/wp-content\/uploads\/2025\/12\/Hector-Morales-01.jpeg\" alt=\"\" class=\"wp-image-16841\" style=\"width:310px;height:auto\" srcset=\"https:\/\/familiasencristo.org\/wp-content\/uploads\/2025\/12\/Hector-Morales-01.jpeg 864w, https:\/\/familiasencristo.org\/wp-content\/uploads\/2025\/12\/Hector-Morales-01-236x300.jpeg 236w, https:\/\/familiasencristo.org\/wp-content\/uploads\/2025\/12\/Hector-Morales-01-806x1024.jpeg 806w, https:\/\/familiasencristo.org\/wp-content\/uploads\/2025\/12\/Hector-Morales-01-768x976.jpeg 768w, https:\/\/familiasencristo.org\/wp-content\/uploads\/2025\/12\/Hector-Morales-01-300x381.jpeg 300w, https:\/\/familiasencristo.org\/wp-content\/uploads\/2025\/12\/Hector-Morales-01-600x763.jpeg 600w\" sizes=\"auto, (max-width: 864px) 100vw, 864px\" \/><\/a><figcaption class=\"wp-element-caption\">H\u00e9ctor Morales<\/figcaption><\/figure>\n<\/div>\n\n\n<p><strong>SEMBLANZA<\/strong><\/p>\n\n\n\n<p>Originario de <strong>Guadalajara, Jalisco, M\u00e9xico<\/strong>, nace en el seno de una familia profundamente cat\u00f3lica. Sus padres, <strong>H\u00e9ctor y Celina<\/strong>, vivieron su matrimonio comprometidos con el Reino de Dios, participando primero en el <strong>Movimiento Familiar Cristiano<\/strong> y posteriormente como gu\u00edas de los <strong>Talleres de Oraci\u00f3n y Vida del Padre Ignacio Larra\u00f1aga<\/strong>, dejando una huella espiritual s\u00f3lida en la vida familiar.<\/p>\n\n\n\n<p>Es <strong>bisnieto de Ezequiel Huerta Guti\u00e9rrez<\/strong>, m\u00e1rtir de la Revoluci\u00f3n Cristera, fusilado el <strong>3 de abril de 1927<\/strong> por su fe. Ezequiel es actualmente <strong>Beato<\/strong> y forma parte del proceso de canonizaci\u00f3n dentro de la causa de <strong>Anacleto Gonz\u00e1lez Flores y compa\u00f1eros<\/strong>. Su abuela materna, <strong>Carmen Huerta Garc\u00eda<\/strong>, hija de Ezequiel, le transmiti\u00f3 un profundo amor a Dios y un testimonio de fe radical, marcado por la entrega total y la fidelidad al Evangelio, incluso hasta el ofrecimiento de la propia vida.<\/p>\n\n\n\n<p>Es el <strong>mayor de siete hermanos<\/strong>. A lo largo de su vida ha enfrentado profundas pruebas familiares, entre ellas la p\u00e9rdida tr\u00e1gica de <strong>tres de sus hermanos<\/strong>, as\u00ed como de <strong>dos sobrinos<\/strong>, hijos de sus hermanos, experiencias que marcaron de manera decisiva su camino humano y espiritual.<\/p>\n\n\n\n<p>En el a\u00f1o <strong>1988<\/strong> se integra al <strong>Movimiento de Renovaci\u00f3n Carism\u00e1tica en el Esp\u00edritu Santo<\/strong>, participando activamente en la evangelizaci\u00f3n, impartiendo <strong>Seminarios de Vida en el Esp\u00edritu<\/strong> y colaborando durante un tiempo de manera <strong>formal y de tiempo completo<\/strong> dentro de este movimiento.<\/p>\n\n\n\n<p>En el a\u00f1o <strong>2014<\/strong>, durante una presentaci\u00f3n del entonces en activo <strong>Padre Teo<\/strong>, recibe una orientaci\u00f3n espiritual que le permite comenzar a comprender, desde la fe, la ra\u00edz espiritual de las p\u00e9rdidas vividas en su familia, identificadas como una <strong>atadura familiar<\/strong>, lo cual abre un proceso profundo de b\u00fasqueda, sanaci\u00f3n y discernimiento.<\/p>\n\n\n\n<p>Ese mismo a\u00f1o contacta al Padre Jos\u00e9 Luis Quezada y comienza, junto con M\u00f3nica su esposa, el proceso de orar por sanaci\u00f3n y liberaci\u00f3n a trav\u00e9s de las oraciones de su Libro Hora Santa para la Sanaci\u00f3n de Familias<\/p>\n\n\n\n<p>A principios del a\u00f1o <strong>2017<\/strong> llega a sus manos el libro <em>Sanaci\u00f3n de las Familias<\/em> del <strong>Padre Yozefu Ssemakula<\/strong>. Ese mismo a\u00f1o, el \u00faltimo  fin de semana del mes de junio, asiste al <strong>Taller de Sanaci\u00f3n de Familias<\/strong> impartido por el propio Padre Yozefu en la ciudad de <strong>Tepic, Nayarit<\/strong>. Posteriormente, en el mes de <strong>septiembre de 2017<\/strong>, participa en la <strong>Escuela de Formaci\u00f3n<\/strong> del Padre Yozefu en la ciudad de <strong>Quer\u00e9taro, M\u00e9xico<\/strong>.<\/p>\n\n\n\n<p>En <strong>octubre de 2017<\/strong> organiza el <strong>primer Taller\u2013Seminario de Sanaci\u00f3n de Familias<\/strong> en la ciudad de <strong>Puerto Vallarta<\/strong>, hospedando al Padre Yozefu en su hogar durante cinco d\u00edas. Este tiempo fue clave para <strong>reafirmar, confirmar y discernir su llamado ministerial<\/strong>, particularmente en el servicio de la sanaci\u00f3n de las familias.<\/p>\n\n\n\n<p>A trav\u00e9s de las oraciones y ense\u00f1anzas recibidas, el Se\u00f1or obra una profunda liberaci\u00f3n en su vida, especialmente en relaci\u00f3n con la <strong>predisposici\u00f3n de muertes accidentales<\/strong>, marcando un antes y un despu\u00e9s en su historia personal y familiar.<\/p>\n\n\n\n<p>Desde entonces, se ha dedicado de manera constante a <strong>formarse, capacitarse y servir<\/strong>, impartiendo hasta el a\u00f1o 2025 el <strong>Taller\u2013Seminario de Sanaci\u00f3n de Familias<\/strong>, y a partir del <strong>a\u00f1o 2026<\/strong>, en base a la experiencia obtenida durante todos estos a\u00f1os, inicia el nuevo proyecto de evangelizaci\u00f3n de las familias con el acompa\u00f1amiento y la gu\u00eda espiritual del <strong>Padre Jos\u00e9 Luis Quezada Garc\u00eda<\/strong>, y desarrollando su labor en plena comuni\u00f3n y alineaci\u00f3n con las <strong>directrices de la Arquidi\u00f3cesis de Guadalajara<\/strong>, todo con el deseo de llevar esta gracia y bendici\u00f3n al mayor n\u00famero de familias posible, anunciando que <strong>en Jesucristo, \u00fanico Camino, Verdad y Vida, siempre hay sanaci\u00f3n, esperanza y vida nueva<\/strong>.<\/p>\n\n\n\n<div style=\"height:100px\" aria-hidden=\"true\" class=\"wp-block-spacer\"><\/div>\n\n\n\n<h2 class=\"wp-block-heading\">Curriculum Vitae Apostolado H\u00e9ctor Morales<\/h2>\n\n\n\n<div class=\"wp-block-buttons is-content-justification-center is-layout-flex wp-container-core-buttons-is-layout-16018d1d wp-block-buttons-is-layout-flex\">\n<div class=\"wp-block-button is-style-outline is-style-outline--1\"><a class=\"wp-block-button__link has-luminous-vivid-amber-background-color has-background wp-element-button\" href=\"http:\/\/familiasencristo.org\/wp-content\/uploads\/2025\/12\/Curriculum-Vitae-Hector-Morales-Apostolados-2025.pdf\">Curriculum Vitae Apostolados H\u00e9ctor Morales<\/a><\/div>\n<\/div>\n","protected":false},"excerpt":{"rendered":"<p>SEMBLANZA Originario de Guadalajara, Jalisco, M\u00e9xico, nace en el seno de una familia profundamente cat\u00f3lica. Sus padres, H\u00e9ctor y Celina, vivieron su matrimonio comprometidos con el Reino de Dios, participando primero en el Movimiento Familiar Cristiano y posteriormente como gu\u00edas de los Talleres de Oraci\u00f3n y Vida del Padre Ignacio Larra\u00f1aga, dejando una huella espiritual s\u00f3lida en la vida familiar. Es bisnieto de Ezequiel Huerta Guti\u00e9rrez, m\u00e1rtir de la Revoluci\u00f3n Cristera, fusilado el 3 de abril de 1927 por su fe. Ezequiel es actualmente Beato y forma parte del proceso de canonizaci\u00f3n dentro de la causa de Anacleto Gonz\u00e1lez Flores y compa\u00f1eros. Su abuela materna, Carmen Huerta Garc\u00eda, hija de Ezequiel, le transmiti\u00f3 un profundo amor a Dios y un testimonio de fe radical, marcado por la entrega total y la fidelidad al Evangelio, incluso hasta el ofrecimiento de la propia vida. Es el mayor de siete hermanos. A lo largo de su vida ha enfrentado profundas pruebas familiares, entre ellas la p\u00e9rdida tr\u00e1gica de tres de sus hermanos, as\u00ed como de dos sobrinos, hijos de sus hermanos, experiencias que marcaron de manera decisiva su camino humano y espiritual. En el a\u00f1o 1988 se integra al Movimiento de Renovaci\u00f3n Carism\u00e1tica en el Esp\u00edritu Santo, participando activamente en la evangelizaci\u00f3n, impartiendo Seminarios de Vida en el Esp\u00edritu y colaborando durante un tiempo de manera formal y de tiempo completo dentro de este movimiento. En el a\u00f1o 2014, durante una presentaci\u00f3n del entonces en activo Padre Teo, recibe una orientaci\u00f3n espiritual que le permite comenzar a comprender, desde la fe, la ra\u00edz espiritual de las p\u00e9rdidas vividas en su familia, identificadas como una atadura familiar, lo cual abre un proceso profundo de b\u00fasqueda, sanaci\u00f3n y discernimiento. Ese mismo a\u00f1o contacta al Padre Jos\u00e9 Luis Quezada y comienza, junto con M\u00f3nica su esposa, el proceso de orar por sanaci\u00f3n y liberaci\u00f3n a trav\u00e9s de las oraciones de su Libro Hora Santa para la Sanaci\u00f3n de Familias A principios del a\u00f1o 2017 llega a sus manos el libro Sanaci\u00f3n de las Familias del Padre Yozefu Ssemakula. Ese mismo a\u00f1o, el \u00faltimo fin de semana del mes de junio, asiste al Taller de Sanaci\u00f3n de Familias impartido por el propio Padre Yozefu en la ciudad de Tepic, Nayarit. Posteriormente, en el mes de septiembre de 2017, participa en la Escuela de Formaci\u00f3n del Padre Yozefu en la ciudad de Quer\u00e9taro, M\u00e9xico. En octubre de 2017 organiza el primer Taller\u2013Seminario de Sanaci\u00f3n de Familias en la ciudad de Puerto Vallarta, hospedando al Padre Yozefu en su hogar durante cinco d\u00edas. Este tiempo fue clave para reafirmar, confirmar y discernir su llamado ministerial, particularmente en el servicio de la sanaci\u00f3n de las familias. A trav\u00e9s de las oraciones y ense\u00f1anzas recibidas, el Se\u00f1or obra una profunda liberaci\u00f3n en su vida, especialmente en relaci\u00f3n con la predisposici\u00f3n de muertes accidentales, marcando un antes y un despu\u00e9s en su historia personal y familiar. Desde entonces, se ha dedicado de manera constante a formarse, capacitarse y servir, impartiendo hasta el a\u00f1o 2025 el Taller\u2013Seminario de Sanaci\u00f3n de Familias, y a partir del a\u00f1o 2026, en base a la experiencia obtenida durante todos estos a\u00f1os, inicia el nuevo proyecto de evangelizaci\u00f3n de las familias con el acompa\u00f1amiento y la gu\u00eda espiritual del Padre Jos\u00e9 Luis Quezada Garc\u00eda, y desarrollando su labor en plena comuni\u00f3n y alineaci\u00f3n con las directrices de la Arquidi\u00f3cesis de Guadalajara, todo con el deseo de llevar esta gracia y bendici\u00f3n al mayor n\u00famero de familias posible, anunciando que en Jesucristo, \u00fanico Camino, Verdad y Vida, siempre hay sanaci\u00f3n, esperanza y vida nueva. Curriculum Vitae Apostolado H\u00e9ctor Morales<\/p>\n","protected":false},"author":1,"featured_media":0,"parent":0,"menu_order":0,"comment_status":"closed","ping_status":"closed","template":"","meta":{"footnotes":""},"class_list":["post-425","page","type-page","status-publish","hentry"],"acf":[],"jetpack_sharing_enabled":true,"_links":{"self":[{"href":"https:\/\/familiasencristo.org\/index.php?rest_route=\/wp\/v2\/pages\/425","targetHints":{"allow":["GET"]}}],"collection":[{"href":"https:\/\/familiasencristo.org\/index.php?rest_route=\/wp\/v2\/pages"}],"about":[{"href":"https:\/\/familiasencristo.org\/index.php?rest_route=\/wp\/v2\/types\/page"}],"author":[{"embeddable":true,"href":"https:\/\/familiasencristo.org\/index.php?rest_route=\/wp\/v2\/users\/1"}],"replies":[{"embeddable":true,"href":"https:\/\/familiasencristo.org\/index.php?rest_route=%2Fwp%2Fv2%2Fcomments&post=425"}],"version-history":[{"count":10,"href":"https:\/\/familiasencristo.org\/index.php?rest_route=\/wp\/v2\/pages\/425\/revisions"}],"predecessor-version":[{"id":16886,"href":"https:\/\/familiasencristo.org\/index.php?rest_route=\/wp\/v2\/pages\/425\/revisions\/16886"}],"wp:attachment":[{"href":"https:\/\/familiasencristo.org\/index.php?rest_route=%2Fwp%2Fv2%2Fmedia&parent=425"}],"curies":[{"name":"wp","href":"https:\/\/api.w.org\/{rel}","templated":true}]}}