{"id":3,"date":"2022-03-18T20:02:37","date_gmt":"2022-03-18T20:02:37","guid":{"rendered":"http:\/\/familiasencristo.org\/?page_id=3"},"modified":"2025-12-19T23:07:46","modified_gmt":"2025-12-20T05:07:46","slug":"privacy-policy","status":"publish","type":"page","link":"https:\/\/familiasencristo.org\/?page_id=3","title":{"rendered":"Aviso de privacidad"},"content":{"rendered":"\n<p>Usted es lo m\u00e1s importante para Sanando Familias en Cristo y en congruencia con nuestros valores institucionales, la protecci\u00f3n de sus datos personales, su privacidad y confianza son nuestra prioridad, por ello, protegemos su informaci\u00f3n mediante la continua revisi\u00f3n de nuestros procesos de protecci\u00f3n tanto f\u00edsica como electr\u00f3nica.<\/p>\n\n\n\n<p>Por lo anterior, queremos compartir con usted nuestra pol\u00edtica de privacidad y del c\u00f3mo salvaguardamos la integridad, privacidad y protecci\u00f3n de sus datos personales, en apego a la Ley.<\/p>\n\n\n\n<p>Usted tiene a su disposici\u00f3n, en todo momento, este aviso de privacidad en nuestra p\u00e1gina de internet <a href=\"http:\/\/familiasencristo.org\">www.familiasencristo.org<\/a> y puede acceder al contenido de la Ley a trav\u00e9s de los portales que el Gobierno Federal, a trav\u00e9s de la Secretar\u00eda de Gobernaci\u00f3n, pone a su disposici\u00f3n en el portal\u00a0<a href=\"http:\/\/www.ordenjuridico.gob.mx\/\" target=\"_blank\" rel=\"noreferrer noopener\">www.ordenjuridico.gob.mx<\/a>\u00a0. Se entender\u00e1 que usted consiente t\u00e1citamente el tratamiento de sus datos, cuando habi\u00e9ndose puesto a su disposici\u00f3n este aviso de privacidad, no manifieste su oposici\u00f3n.<\/p>\n\n\n\n<h3 class=\"wp-block-heading\"><strong>1. Identidad:<\/strong><\/h3>\n\n\n\n<p><a href=\"http:\/\/www.familiasencristo\">www.familiasencristo.org<\/a> quienes para los efectos de este aviso de privacidad tienen la calidad de responsables frente a usted, como titular de datos personales.<\/p>\n\n\n\n<h3 class=\"wp-block-heading\"><strong>2. Domicilio se\u00f1alado del punto anterior:<\/strong><\/h3>\n\n\n\n<p>Para efectos del presente aviso de privacidad, se\u00f1ala su domicilio Calle D\u00eda No. 2626, Jardines del Bosque, Guadalajara, Jalisco, M\u00e9xico, C.P. 44520<\/p>\n\n\n\n<h3 class=\"wp-block-heading\"><strong>3. Principio de informaci\u00f3n:<\/strong><\/h3>\n\n\n\n<p>Cada responsable le informa que posee, recaba o recabar\u00e1 de usted, los datos personales necesarios, para la adecuada realizaci\u00f3n de las operaciones y prestaci\u00f3n de los servicios, as\u00ed como para la celebraci\u00f3n de los dem\u00e1s actos que cada responsable puede realizar conforme a la Ley y sus estatutos sociales. Dichos datos personales pueden haber sido o pueden ser obtenidos de usted, ya sea personalmente o bien, directamente por cualquier medio electr\u00f3nico, \u00f3ptico, sonoro, visual, o a trav\u00e9s de cualquier otra tecnolog\u00eda. Asimismo, podemos obtener datos personales de los que usted es titular, a trav\u00e9s de terceros y de otras fuentes permitidas por la ley, tales como las sociedades de informaci\u00f3n crediticia.<\/p>\n\n\n\n<p>Los datos personales recabados o que se recaban podr\u00e1n incluir, entre otros, los siguientes:<\/p>\n\n\n\n<ul class=\"wp-block-list\">\n<li>Datos generales de identificaci\u00f3n (incluyendo los derivados de sus caracter\u00edsticas f\u00edsicas) y cualquier dato considerado como sensible, de referencia y de contacto. Dichos datos se recabar\u00e1n de los datos que sean ingresados por usted al momento de llenar la forma de inscripci\u00f3n o solicitud de compra de alguno de nuestros productos. Tanto de los documentos que le sean solicitados y entregados por usted a trav\u00e9s de la p\u00e1gina familiasencristo.org.<\/li>\n<\/ul>\n\n\n\n<ul class=\"wp-block-list\">\n<li>Los datos que en t\u00e9rminos de la Ley Federal para la Protecci\u00f3n de Datos Personales en Posesi\u00f3n de los Particulares y su Reglamento en todo momento ser\u00e1n considerados sensibles y su tratamiento como tal obliga al responsable de los mismos a obtener autorizaci\u00f3n de su titular para su transmisi\u00f3n a terceros con excepci\u00f3n de aquellos que por estad\u00edstica o riesgos epidemiol\u00f3gicos sean proporcionados a las autoridades correspondientes al amparo de las leyes y reglamentos de la materia.<\/li>\n<\/ul>\n\n\n\n<h3 class=\"wp-block-heading\"><strong>4. Finalidades del tratamiento de datos personales:<\/strong><\/h3>\n\n\n\n<p>Las responsables har\u00e1n tratamiento de los datos personales recabados, principalmente para dar inicio a la posible relaci\u00f3n laboral y\/o comercial y\/o de prestaci\u00f3n de servicios que en su caso se origine con cualesquiera de las empresas se\u00f1aladas en el presente Aviso de Privacidad, obligaciones derivadas de la misma, atenci\u00f3n de requerimientos legales de autoridades competentes, notificaciones sobre cambios de condiciones y mantenimiento de la relaci\u00f3n laboral, comercial y\/o de servicios, la realizaci\u00f3n de cualquier actividad complementaria o auxiliar necesaria para la realizaci\u00f3n de los fines anteriores.<\/p>\n\n\n\n<p>El tratamiento de datos personales se limitar\u00e1:<\/p>\n\n\n\n<p>i. al cumplimiento de las finalidades previstas en este aviso de privacidad;<\/p>\n\n\n\n<p>ii. a fines distintos que resulten compatibles o complementarios a los establecidos en este aviso de privacidad, sin que para ello se requiera obtener nuevamente, en su caso, el consentimiento del titular.<\/p>\n\n\n\n<p>iii. a la validaci\u00f3n de la informaci\u00f3n proporcionada por los candidatos a fin de que puedan ser considerados como candidatos viables para la contrataci\u00f3n, y para ser compartidos con los terceros o proveedores contratados para el an\u00e1lisis, digitalizaci\u00f3n y custodia de la informaci\u00f3n, as\u00ed como, de la selecci\u00f3n y contrataci\u00f3n de los empleados.<\/p>\n\n\n\n<p>iv. para otorgar los beneficios, descuentos o promociones a los titulares de los datos, y ser compartidos con los promoventes de los programas de fidelidad y\/o descuento para su ejecuci\u00f3n.<\/p>\n\n\n\n<p>v. para prestar los servicios contratados, y ser compartidos con terceros o proveedores contratados para ello.<\/p>\n\n\n\n<p>vi. para proporcionar servicios de asesor\u00eda y consulta en materia de la Sanaci\u00f3n de Familias, as\u00ed como para la prestaci\u00f3n de servicios como son los talleres seminarios online.<\/p>\n\n\n\n<p>Asimismo, el tratamiento de datos personales ser\u00e1 el que resulte necesario, adecuado y relevante en relaci\u00f3n con las finalidades previstas en este aviso de privacidad, as\u00ed como con los fines distintos que resulten compatibles o complementarios relacionados con los servicios que proporcionan las empresas identificadas como familiasencristo.org y sus empresas administradas, afiliadas u operadoras en el presente aviso de privacidad.<\/p>\n\n\n\n<h3 class=\"wp-block-heading\"><strong>5. Transferencia de datos:<\/strong><\/h3>\n\n\n\n<p>El titular de los datos personales que presenta una solicitud y\/o entabla una relaci\u00f3n jur\u00eddica con familiasencristo.org, afiliadas u operadoras, mismas que se describen en el presente Aviso de Privacidad, consiente la transferencia de sus datos personales dentro e incluso fuera de la Rep\u00fablica Mexicana en los t\u00e9rminos que se describen.<\/p>\n\n\n\n<p>Cada responsable se compromete a velar por el cumplimiento de todos los principios legales de protecci\u00f3n en torno a la transferencia de sus datos personales y manifiesta su compromiso para que se respete en todo momento, por nosotros y por nuestros socios comerciales, el presente aviso de privacidad y las finalidades a que el titular sujet\u00f3 su tratamiento.<\/p>\n\n\n\n<p>Las transferencias nacionales o internacionales de datos considerados como sensibles, se realizar\u00e1 con el consentimiento expreso del titular, el cual se manifiesta a trav\u00e9s de la aceptaci\u00f3n del presente Aviso de Privacidad. Asimismo, en relaci\u00f3n a los dem\u00e1s datos recabados, podr\u00e1n llevarse a cabo sin el consentimiento del titular, entre otros casos cuando:<\/p>\n\n\n\n<p>a) Este prevista en una Ley o tratado en los que M\u00e9xico sea parte,<\/p>\n\n\n\n<p>b) Sea necesaria para la prevenci\u00f3n o diagn\u00f3stico m\u00e9dico, la prestaci\u00f3n de asistencia sanitaria, tratamiento m\u00e9dico o la gesti\u00f3n de servicios sanitarios,<\/p>\n\n\n\n<p>c) Sea efectuada a sociedades controladoras, subsidiarias o afiliadas bajo el control com\u00fan del responsable de que se trate, o a una sociedad matriz o cualquier sociedad del mismo grupo del responsable que opere bajo los mismos procesos y pol\u00edticas internas,<\/p>\n\n\n\n<p>d) Sea necesaria por virtud de un contrato celebrado o por celebrar en inter\u00e9s del titular, por el responsable y un tercero<\/p>\n\n\n\n<p>e) Sea precisa para el mantenimiento o cumplimiento de una relaci\u00f3n jur\u00eddica entre el responsable y el titular,<\/p>\n\n\n\n<p>f) Para la realizaci\u00f3n de la digitalizaci\u00f3n del expediente y con ello contar con el archivo electr\u00f3nico de los posibles empleados.<\/p>\n\n\n\n<p>Cualquiera de las responsables podr\u00e1 efectuar transferencias de datos personales, adem\u00e1s de los supuestos antes mencionados, de manera enunciativa m\u00e1s no limitativa, con fines de prospecci\u00f3n comercial de servicios complementarios a los proporcionados por las empresas se\u00f1aladas en el presente Aviso de Privacidad.<\/p>\n\n\n\n<h3 class=\"wp-block-heading\"><strong>6. Departamento de datos personales:<\/strong><\/h3>\n\n\n\n<p>Las responsables designan al Departamento de Datos Personales y a la red de sucursales de las empresas administradas u operadoras para dar atenci\u00f3n y tr\u00e1mite a las solicitudes de los titulares para el ejercicio de los derechos ARCO a que se refiere la Ley Federal de Protecci\u00f3n de Datos Personales en Posesi\u00f3n de Particulares (Acceso, Rectificaci\u00f3n, Cancelaci\u00f3n y Oposici\u00f3n), as\u00ed como limitaci\u00f3n al uso o divulgaci\u00f3n de los datos y revocaci\u00f3n del consentimiento.<\/p>\n\n\n\n<h3 class=\"wp-block-heading\"><strong>7. Medios para ejercer los derechos de acceso, rectificaci\u00f3n, cancelaci\u00f3n y oposici\u00f3n (ARCO):<\/strong><\/h3>\n\n\n\n<p>Sujeto a lo dispuesto en la Ley, a partir del 6 de enero de 2012, el titular por s\u00ed o mediante representante legal debidamente acreditado, podr\u00e1 ejercer sus derechos de Acceso, Rectificaci\u00f3n, Cancelaci\u00f3n y Oposici\u00f3n, formulando la solicitud respectiva por escrito a trav\u00e9s de la red de sucursales de las empresas administradas u operadoras o bien al Departamento de Datos Personales.<\/p>\n\n\n\n<p>El ejercicio de cualquiera de ellos no es requisito previo ni impide el ejercicio de otro.<\/p>\n\n\n\n<p>O a trav\u00e9s del n\u00famero telef\u00f3nico (33) 17990503 y del correo electr\u00f3nico taller@sanaciondefamilias.com.<\/p>\n\n\n\n<h3 class=\"wp-block-heading\"><strong>8. Opciones y medios para ejercer los derechos de limitar y\/o revocar el tratamiento y\/o transferencia de sus datos personales:<\/strong><\/h3>\n\n\n\n<p>Presentando su solicitud por escrito, a trav\u00e9s de las unidades y los medios de atenci\u00f3n de la responsable de que se trate, designados como \u201cDepartamento de datos personales\u201d o bien a la red de sucursales de las empresas administradas u operadoras, usted podr\u00e1, en el momento que lo considere conveniente, requerir eliminar o revocar su consentimiento para el tratamiento y\/o transferencia de sus datos personales con fines complementarios, se\u00f1alados en el presente Aviso de Privacidad.<\/p>\n\n\n\n<p>Flujo para ejercer derechos ARCO<\/p>\n\n\n\n<p><a href=\"http:\/\/www.sanaciondefamilias.com\">www.familiasencristo.org<\/a><\/p>\n\n\n\n<h3 class=\"wp-block-heading\"><strong>9. Procedimiento y medio por el cual se comunicar\u00e1 cambios al aviso de privacidad:<\/strong><\/h3>\n\n\n\n<p>Nos reservamos el derecho de efectuar en cualquier momento cambios o modificaciones al presente aviso de privacidad, ya sea para la atenci\u00f3n de modificaciones legislativas, regulatorias o jurisprudenciales, pol\u00edticas internas, pr\u00e1cticas del mercado o por cualquier otra raz\u00f3n.<\/p>\n\n\n\n<p>Cualquier cambio que se realice a este aviso de privacidad, ser\u00e1 incorporado al mismo por las responsables y ser\u00e1 dado a conocer a trav\u00e9s de nuestra p\u00e1gina de internet:\u00a0 <a href=\"http:\/\/www.sanaciondefamilias.com\">www.familiasencristo.org<\/a><\/p>\n\n\n\n<p>Ser\u00e1 responsabilidad del usuario consultar en la p\u00e1gina\u00a0<a href=\"http:\/\/www.sanaciondefamilias.com\">www.familiasencristo.org<\/a><\/p>\n\n\n\n<p>las modificaciones al Aviso de Privacidad, para el debido cumplimiento de sus obligaciones.<\/p>\n\n\n\n<p><\/p>\n\n\n\n<p><\/p>\n","protected":false},"excerpt":{"rendered":"<p>Usted es lo m\u00e1s importante para Sanando Familias en Cristo y en congruencia con nuestros valores institucionales, la protecci\u00f3n de sus datos personales, su privacidad y confianza son nuestra prioridad, por ello, protegemos su informaci\u00f3n mediante la continua revisi\u00f3n de nuestros procesos de protecci\u00f3n tanto f\u00edsica como electr\u00f3nica. Por lo anterior, queremos compartir con usted nuestra pol\u00edtica de privacidad y del c\u00f3mo salvaguardamos la integridad, privacidad y protecci\u00f3n de sus datos personales, en apego a la Ley. Usted tiene a su disposici\u00f3n, en todo momento, este aviso de privacidad en nuestra p\u00e1gina de internet www.familiasencristo.org y puede acceder al contenido de la Ley a trav\u00e9s de los portales que el Gobierno Federal, a trav\u00e9s de la Secretar\u00eda de Gobernaci\u00f3n, pone a su disposici\u00f3n en el portal\u00a0www.ordenjuridico.gob.mx\u00a0. Se entender\u00e1 que usted consiente t\u00e1citamente el tratamiento de sus datos, cuando habi\u00e9ndose puesto a su disposici\u00f3n este aviso de privacidad, no manifieste su oposici\u00f3n. 1. Identidad: www.familiasencristo.org quienes para los efectos de este aviso de privacidad tienen la calidad de responsables frente a usted, como titular de datos personales. 2. Domicilio se\u00f1alado del punto anterior: Para efectos del presente aviso de privacidad, se\u00f1ala su domicilio Calle D\u00eda No. 2626, Jardines del Bosque, Guadalajara, Jalisco, M\u00e9xico, C.P. 44520 3. Principio de informaci\u00f3n: Cada responsable le informa que posee, recaba o recabar\u00e1 de usted, los datos personales necesarios, para la adecuada realizaci\u00f3n de las operaciones y prestaci\u00f3n de los servicios, as\u00ed como para la celebraci\u00f3n de los dem\u00e1s actos que cada responsable puede realizar conforme a la Ley y sus estatutos sociales. Dichos datos personales pueden haber sido o pueden ser obtenidos de usted, ya sea personalmente o bien, directamente por cualquier medio electr\u00f3nico, \u00f3ptico, sonoro, visual, o a trav\u00e9s de cualquier otra tecnolog\u00eda. Asimismo, podemos obtener datos personales de los que usted es titular, a trav\u00e9s de terceros y de otras fuentes permitidas por la ley, tales como las sociedades de informaci\u00f3n crediticia. Los datos personales recabados o que se recaban podr\u00e1n incluir, entre otros, los siguientes: 4. Finalidades del tratamiento de datos personales: Las responsables har\u00e1n tratamiento de los datos personales recabados, principalmente para dar inicio a la posible relaci\u00f3n laboral y\/o comercial y\/o de prestaci\u00f3n de servicios que en su caso se origine con cualesquiera de las empresas se\u00f1aladas en el presente Aviso de Privacidad, obligaciones derivadas de la misma, atenci\u00f3n de requerimientos legales de autoridades competentes, notificaciones sobre cambios de condiciones y mantenimiento de la relaci\u00f3n laboral, comercial y\/o de servicios, la realizaci\u00f3n de cualquier actividad complementaria o auxiliar necesaria para la realizaci\u00f3n de los fines anteriores. El tratamiento de datos personales se limitar\u00e1: i. al cumplimiento de las finalidades previstas en este aviso de privacidad; ii. a fines distintos que resulten compatibles o complementarios a los establecidos en este aviso de privacidad, sin que para ello se requiera obtener nuevamente, en su caso, el consentimiento del titular. iii. a la validaci\u00f3n de la informaci\u00f3n proporcionada por los candidatos a fin de que puedan ser considerados como candidatos viables para la contrataci\u00f3n, y para ser compartidos con los terceros o proveedores contratados para el an\u00e1lisis, digitalizaci\u00f3n y custodia de la informaci\u00f3n, as\u00ed como, de la selecci\u00f3n y contrataci\u00f3n de los empleados. iv. para otorgar los beneficios, descuentos o promociones a los titulares de los datos, y ser compartidos con los promoventes de los programas de fidelidad y\/o descuento para su ejecuci\u00f3n. v. para prestar los servicios contratados, y ser compartidos con terceros o proveedores contratados para ello. vi. para proporcionar servicios de asesor\u00eda y consulta en materia de la Sanaci\u00f3n de Familias, as\u00ed como para la prestaci\u00f3n de servicios como son los talleres seminarios online. Asimismo, el tratamiento de datos personales ser\u00e1 el que resulte necesario, adecuado y relevante en relaci\u00f3n con las finalidades previstas en este aviso de privacidad, as\u00ed como con los fines distintos que resulten compatibles o complementarios relacionados con los servicios que proporcionan las empresas identificadas como familiasencristo.org y sus empresas administradas, afiliadas u operadoras en el presente aviso de privacidad. 5. Transferencia de datos: El titular de los datos personales que presenta una solicitud y\/o entabla una relaci\u00f3n jur\u00eddica con familiasencristo.org, afiliadas u operadoras, mismas que se describen en el presente Aviso de Privacidad, consiente la transferencia de sus datos personales dentro e incluso fuera de la Rep\u00fablica Mexicana en los t\u00e9rminos que se describen. Cada responsable se compromete a velar por el cumplimiento de todos los principios legales de protecci\u00f3n en torno a la transferencia de sus datos personales y manifiesta su compromiso para que se respete en todo momento, por nosotros y por nuestros socios comerciales, el presente aviso de privacidad y las finalidades a que el titular sujet\u00f3 su tratamiento. Las transferencias nacionales o internacionales de datos considerados como sensibles, se realizar\u00e1 con el consentimiento expreso del titular, el cual se manifiesta a trav\u00e9s de la aceptaci\u00f3n del presente Aviso de Privacidad. Asimismo, en relaci\u00f3n a los dem\u00e1s datos recabados, podr\u00e1n llevarse a cabo sin el consentimiento del titular, entre otros casos cuando: a) Este prevista en una Ley o tratado en los que M\u00e9xico sea parte, b) Sea necesaria para la prevenci\u00f3n o diagn\u00f3stico m\u00e9dico, la prestaci\u00f3n de asistencia sanitaria, tratamiento m\u00e9dico o la gesti\u00f3n de servicios sanitarios, c) Sea efectuada a sociedades controladoras, subsidiarias o afiliadas bajo el control com\u00fan del responsable de que se trate, o a una sociedad matriz o cualquier sociedad del mismo grupo del responsable que opere bajo los mismos procesos y pol\u00edticas internas, d) Sea necesaria por virtud de un contrato celebrado o por celebrar en inter\u00e9s del titular, por el responsable y un tercero e) Sea precisa para el mantenimiento o cumplimiento de una relaci\u00f3n jur\u00eddica entre el responsable y el titular, f) Para la realizaci\u00f3n de la digitalizaci\u00f3n del expediente y con ello contar con el archivo electr\u00f3nico de los posibles empleados. Cualquiera de las responsables podr\u00e1 efectuar transferencias de datos personales, adem\u00e1s de los supuestos antes mencionados, de manera enunciativa m\u00e1s no limitativa, con fines de prospecci\u00f3n comercial de servicios complementarios a los proporcionados por las empresas se\u00f1aladas en el presente Aviso de Privacidad. 6. Departamento de datos personales: Las responsables designan al Departamento de Datos Personales y a la red de sucursales de las empresas administradas u operadoras para dar atenci\u00f3n y tr\u00e1mite a las solicitudes de los titulares para el ejercicio de los derechos ARCO a que se refiere la Ley Federal de Protecci\u00f3n de Datos Personales en Posesi\u00f3n de Particulares (Acceso, Rectificaci\u00f3n, Cancelaci\u00f3n y Oposici\u00f3n), as\u00ed como limitaci\u00f3n al uso o divulgaci\u00f3n de los datos y revocaci\u00f3n del consentimiento. 7. Medios para ejercer los derechos de acceso, rectificaci\u00f3n, cancelaci\u00f3n y oposici\u00f3n (ARCO): Sujeto a lo dispuesto en la Ley, a partir del 6 de enero de 2012, el titular por s\u00ed o mediante representante legal debidamente acreditado, podr\u00e1 ejercer sus derechos de Acceso, Rectificaci\u00f3n, Cancelaci\u00f3n y Oposici\u00f3n, formulando la solicitud respectiva por escrito a trav\u00e9s de la red de sucursales de las empresas administradas u operadoras o bien al Departamento de Datos Personales. El ejercicio de cualquiera de ellos no es requisito previo ni impide el ejercicio de otro. O a trav\u00e9s del n\u00famero telef\u00f3nico (33) 17990503 y del correo electr\u00f3nico taller@sanaciondefamilias.com. 8. Opciones y medios para ejercer los derechos de limitar y\/o revocar el tratamiento y\/o transferencia de sus datos personales: Presentando su solicitud por escrito, a trav\u00e9s de las unidades y los medios de atenci\u00f3n de la responsable de que se trate, designados como \u201cDepartamento de datos personales\u201d o bien a la red de sucursales de las empresas administradas u operadoras, usted podr\u00e1, en el momento que lo considere conveniente, requerir eliminar o revocar su consentimiento para el tratamiento y\/o transferencia de sus datos personales con fines complementarios, se\u00f1alados en el presente Aviso de Privacidad. Flujo para ejercer derechos ARCO www.familiasencristo.org 9. Procedimiento y medio por el cual se comunicar\u00e1 cambios al aviso de privacidad: Nos reservamos el derecho de efectuar en cualquier momento cambios o modificaciones al presente aviso de privacidad, ya sea para la atenci\u00f3n de modificaciones legislativas, regulatorias o jurisprudenciales, pol\u00edticas internas, pr\u00e1cticas del mercado o por cualquier otra raz\u00f3n. Cualquier cambio que se realice a este aviso de privacidad, ser\u00e1 incorporado al mismo por las responsables y ser\u00e1 dado a conocer a trav\u00e9s de nuestra p\u00e1gina de internet:\u00a0 www.familiasencristo.org Ser\u00e1 responsabilidad del usuario consultar en la p\u00e1gina\u00a0www.familiasencristo.org las modificaciones al Aviso de Privacidad, para el debido cumplimiento de sus obligaciones.<\/p>\n","protected":false},"author":1,"featured_media":0,"parent":0,"menu_order":0,"comment_status":"closed","ping_status":"open","template":"","meta":{"footnotes":""},"class_list":["post-3","page","type-page","status-publish","hentry"],"acf":[],"jetpack_sharing_enabled":true,"_links":{"self":[{"href":"https:\/\/familiasencristo.org\/index.php?rest_route=\/wp\/v2\/pages\/3","targetHints":{"allow":["GET"]}}],"collection":[{"href":"https:\/\/familiasencristo.org\/index.php?rest_route=\/wp\/v2\/pages"}],"about":[{"href":"https:\/\/familiasencristo.org\/index.php?rest_route=\/wp\/v2\/types\/page"}],"author":[{"embeddable":true,"href":"https:\/\/familiasencristo.org\/index.php?rest_route=\/wp\/v2\/users\/1"}],"replies":[{"embeddable":true,"href":"https:\/\/familiasencristo.org\/index.php?rest_route=%2Fwp%2Fv2%2Fcomments&post=3"}],"version-history":[{"count":6,"href":"https:\/\/familiasencristo.org\/index.php?rest_route=\/wp\/v2\/pages\/3\/revisions"}],"predecessor-version":[{"id":16746,"href":"https:\/\/familiasencristo.org\/index.php?rest_route=\/wp\/v2\/pages\/3\/revisions\/16746"}],"wp:attachment":[{"href":"https:\/\/familiasencristo.org\/index.php?rest_route=%2Fwp%2Fv2%2Fmedia&parent=3"}],"curies":[{"name":"wp","href":"https:\/\/api.w.org\/{rel}","templated":true}]}}