{"id":17158,"date":"2026-01-25T13:07:23","date_gmt":"2026-01-25T19:07:23","guid":{"rendered":"https:\/\/familiasencristo.org\/?page_id=17158"},"modified":"2026-02-21T19:34:39","modified_gmt":"2026-02-22T01:34:39","slug":"sesion-de-seguimiento-del-taller-sfc-enero-2026","status":"publish","type":"page","link":"https:\/\/familiasencristo.org\/?page_id=17158","title":{"rendered":"Sesi\u00f3n de Seguimiento del Taller SFC Febrero 2026"},"content":{"rendered":"<p>Estimado usuario, este contenido es exclusivo para los participantes registrados al taller Sanando Familias en Cristo de enero 2026.<\/p>\n<p>Si est\u00e1s registrado y no puedes ingresar a la sesi\u00f3n, por favor env\u00eda un mensaje de WhatsApp al +52 3317990503 con Monica.<\/p>\n","protected":false},"excerpt":{"rendered":"<p>Estimado usuario, este contenido es exclusivo para los participantes registrados al taller Sanando Familias en Cristo de enero 2026.<\/p>\n<p>Si est\u00e1s registrado y no puedes ingresar a la sesi\u00f3n, por favor env\u00eda un mensaje de WhatsApp al +52 3317990503 con Monica.<\/p>\n","protected":false},"author":3632,"featured_media":0,"parent":0,"menu_order":0,"comment_status":"closed","ping_status":"closed","template":"","meta":{"footnotes":""},"class_list":["post-17158","page","type-page","status-publish","hentry"],"acf":[],"jetpack_sharing_enabled":true,"_links":{"self":[{"href":"https:\/\/familiasencristo.org\/index.php?rest_route=\/wp\/v2\/pages\/17158","targetHints":{"allow":["GET"]}}],"collection":[{"href":"https:\/\/familiasencristo.org\/index.php?rest_route=\/wp\/v2\/pages"}],"about":[{"href":"https:\/\/familiasencristo.org\/index.php?rest_route=\/wp\/v2\/types\/page"}],"author":[{"embeddable":true,"href":"https:\/\/familiasencristo.org\/index.php?rest_route=\/wp\/v2\/users\/3632"}],"replies":[{"embeddable":true,"href":"https:\/\/familiasencristo.org\/index.php?rest_route=%2Fwp%2Fv2%2Fcomments&post=17158"}],"version-history":[{"count":4,"href":"https:\/\/familiasencristo.org\/index.php?rest_route=\/wp\/v2\/pages\/17158\/revisions"}],"predecessor-version":[{"id":17391,"href":"https:\/\/familiasencristo.org\/index.php?rest_route=\/wp\/v2\/pages\/17158\/revisions\/17391"}],"wp:attachment":[{"href":"https:\/\/familiasencristo.org\/index.php?rest_route=%2Fwp%2Fv2%2Fmedia&parent=17158"}],"curies":[{"name":"wp","href":"https:\/\/api.w.org\/{rel}","templated":true}]}}