{"id":124,"date":"2022-03-28T19:46:52","date_gmt":"2022-03-28T19:46:52","guid":{"rendered":"http:\/\/familiasencristo.org\/?page_id=124"},"modified":"2025-12-22T09:36:42","modified_gmt":"2025-12-22T15:36:42","slug":"sobre-nosotros","status":"publish","type":"page","link":"https:\/\/familiasencristo.org\/?page_id=124","title":{"rendered":"Nosotros"},"content":{"rendered":"<div class=\"wpb-content-wrapper\"><p>[vc_row][vc_column width=\u00bb1\/2&#8243;][vc_btn title=\u00bbSobre H\u00e9ctor Morales\u00bb color=\u00bbpeacoc\u00bb align=\u00bbright\u00bb link=\u00bburl:http%3A%2F%2Ffamiliasencristo.org%2F%3Fpage_id%3D425&#8243;][vc_single_image image=\u00bb16881&#8243; img_size=\u00bbfull\u00bb alignment=\u00bbright\u00bb css=\u00bb\u00bb][\/vc_column][vc_column width=\u00bb1\/2&#8243;][vc_column_text css=\u00bb\u00bb]<\/p>\n<h3 data-start=\"184\" data-end=\"212\"><span style=\"font-family: book antiqua, palatino, serif;\">Nuestro nuevo ministerio<\/span><\/h3>\n<p data-start=\"214\" data-end=\"626\"><span style=\"font-family: book antiqua, palatino, serif;\">En <strong data-start=\"217\" data-end=\"247\">Sanando Familias en Cristo<\/strong> estamos comprometidos con la evangelizaci\u00f3n de las familias a trav\u00e9s del <strong data-start=\"321\" data-end=\"368\">Taller\u2013Seminario Sanando Familias en Cristo<\/strong>, fruto de m\u00e1s de <strong data-start=\"386\" data-end=\"412\">35 a\u00f1os de experiencia<\/strong> en la evangelizaci\u00f3n y el acompa\u00f1amiento pastoral. Nuestra misi\u00f3n es <strong data-start=\"482\" data-end=\"555\">anunciar a Jesucristo como el centro y fundamento de la vida familiar<\/strong>, ofreciendo un camino de <strong data-start=\"581\" data-end=\"625\">sanaci\u00f3n integral a la luz del Evangelio<\/strong>.<\/span><\/p>\n<p data-start=\"628\" data-end=\"923\"><span style=\"font-family: book antiqua, palatino, serif;\">Este ministerio nace formalmente en el a\u00f1o <strong data-start=\"671\" data-end=\"679\">2025<\/strong>, como respuesta a un llamado profundo a servir a las familias de nuestro tiempo, especialmente a aquellas que atraviesan situaciones de <strong data-start=\"816\" data-end=\"844\">dolor, divisi\u00f3n y crisis<\/strong>, y que buscan reencontrarse con la esperanza y la paz que solo <strong>Dios<\/strong> puede dar.<\/span><\/p>\n<p data-start=\"925\" data-end=\"1166\"><span style=\"font-family: book antiqua, palatino, serif;\">Nuestra labor se desarrolla con el <strong data-start=\"960\" data-end=\"1034\">acompa\u00f1amiento y la gu\u00eda espiritual del Padre Jos\u00e9 Luis Quezada Garc\u00eda<\/strong>, y en plena <strong data-start=\"1047\" data-end=\"1124\">comuni\u00f3n y fidelidad a las directrices de la Arquidi\u00f3cesis de Guadalajara<\/strong>, dentro del marco de la <strong>Iglesia Cat\u00f3lica<\/strong>.<\/span><\/p>\n<p data-start=\"1168\" data-end=\"1556\"><span style=\"font-family: book antiqua, palatino, serif;\">A lo largo de los a\u00f1os, nos hemos dedicado a la formaci\u00f3n y evangelizaci\u00f3n de familias mediante <strong data-start=\"1264\" data-end=\"1289\">talleres presenciales<\/strong>, <strong data-start=\"1291\" data-end=\"1328\">seminarios de Vida en el Esp\u00edritu<\/strong> y <strong data-start=\"1331\" data-end=\"1369\">seminarios de Sanaci\u00f3n de Familias<\/strong>. A partir de la experiencia vivida durante la pandemia, ampliamos nuestra misi\u00f3n a la <strong data-start=\"1456\" data-end=\"1478\">modalidad en l\u00ednea<\/strong>, lo que nos ha permitido llegar a numerosos hogares dentro y fuera de M\u00e9xico.<\/span><\/p>\n<p data-start=\"1558\" data-end=\"1955\"><span style=\"font-family: book antiqua, palatino, serif;\">Hoy m\u00e1s que nunca, nuestra sociedad enfrenta una profunda <strong data-start=\"1616\" data-end=\"1635\">crisis familiar<\/strong>: <strong>hogares divididos<\/strong>, <strong>heridas marcadas por el rencor<\/strong>, el <strong>resentimiento<\/strong> y la <strong>falta de perd\u00f3n;<\/strong> familias afectadas por <strong>enfermedades<\/strong>, <strong>dificultades econ\u00f3micas<\/strong> y una creciente <strong>p\u00e9rdida<\/strong> del <strong>sentido de Dios<\/strong>. En muchos casos, al desplazar a Dios del centro de nuestros hogares, se ha abierto la puerta al desorden y al sufrimiento.<\/span><\/p>\n<p data-start=\"1957\" data-end=\"2449\"><span style=\"font-family: book antiqua, palatino, serif;\">Creemos firmemente que <strong data-start=\"1980\" data-end=\"2057\">Jesucristo debe ocupar el centro de nuestras familias y de nuestras vidas<\/strong>. Es urgente retomar el camino que nos conduce de regreso a la <strong data-start=\"2120\" data-end=\"2138\">Casa del Padre<\/strong>, recordando que <strong>Jesucristo<\/strong> es el <strong data-start=\"2172\" data-end=\"2203\">\u00fanico Camino, Verdad y Vida<\/strong>; nadie va al <strong>Padre<\/strong> sino por medio de <strong>\u00c9l<\/strong>. Venimos de <strong>Dios<\/strong> y a <strong>Dios<\/strong> regresamos.<\/span><br data-start=\"2281\" data-end=\"2284\" \/><span style=\"font-family: book antiqua, palatino, serif;\">Nuestra misi\u00f3n es <strong data-start=\"2302\" data-end=\"2345\">acompa\u00f1ar a las familias en ese regreso<\/strong>, ayud\u00e1ndolas a reencontrarse con el <strong>amor<\/strong>, la <strong>sanaci\u00f3n<\/strong> y la <strong>esperanz<\/strong>a que solo <strong data-start=\"2424\" data-end=\"2434\">Cristo<\/strong> puede ofrecer.<\/span><\/p>\n<hr data-start=\"2451\" data-end=\"2454\" \/>\n<h3 data-start=\"2456\" data-end=\"2495\"><span style=\"font-family: book antiqua, palatino, serif;\">Te invitamos a caminar con nosotros<\/span><\/h3>\n<p data-start=\"2497\" data-end=\"2756\"><span style=\"font-family: book antiqua, palatino, serif;\">Si tu familia necesita <strong data-start=\"2520\" data-end=\"2532\">sanaci\u00f3n<\/strong>, <strong data-start=\"2534\" data-end=\"2552\">reconciliaci\u00f3n<\/strong> o <strong data-start=\"2555\" data-end=\"2572\">renovar su fe<\/strong>, te invitamos a conocer el <strong data-start=\"2600\" data-end=\"2647\">Taller\u2013Seminario Sanando Familias en Cristo<\/strong>. Permite que Dios restaure lo que hoy parece roto y vuelva a ocupar el lugar que le corresponde en tu hogar.<\/span><\/p>\n<p>[\/vc_column_text][vc_btn title=\u00bbREGISTRARSE\u00bb color=\u00bbprimary\u00bb css_animation=\u00bbleft-to-right\u00bb css=\u00bb\u00bb link=\u00bburl:https%3A%2F%2Ffamiliasencristo.org%2F%3Fpost_type%3Dproduct%26add-to-cart%3D16784&#8243;][\/vc_column][\/vc_row][vc_row][vc_column][vc_raw_js]JTNDJTIxLS0lMjBHZXRCdXR0b24uaW8lMjB3aWRnZXQlMjAtLSUzRSUzQ3NjcmlwdCUyMHR5cGUlM0QlMjJ0ZXh0JTJGamF2YXNjcmlwdCUyMiUzRSUwQSUyMCUyMCUyMCUyMCUyOGZ1bmN0aW9uJTIwJTI4JTI5JTIwJTdCJTBBJTIwJTIwJTIwJTIwJTIwJTIwJTIwJTIwdmFyJTIwb3B0aW9ucyUyMCUzRCUyMCU3QiUwQSUyMCUyMCUyMCUyMCUyMCUyMCUyMCUyMCUyMCUyMCUyMCUyMHdoYXRzYXBwJTNBJTIwJTIyJTJCNTIzMzE3OTkwNTAzJTIyJTJDJTIwJTJGJTJGJTIwV2hhdHNBcHAlMjBudW1iZXIlMEElMjAlMjAlMjAlMjAlMjAlMjAlMjAlMjAlMjAlMjAlMjAlMjBjYWxsX3RvX2FjdGlvbiUzQSUyMCUyMkVudiVDMyVBRGFub3MlMjB1biUyMG1lbnNhamUlMjIlMkMlMjAlMkYlMkYlMjBDYWxsJTIwdG8lMjBhY3Rpb24lMEElMjAlMjAlMjAlMjAlMjAlMjAlMjAlMjAlMjAlMjAlMjAlMjBwb3NpdGlvbiUzQSUyMCUyMnJpZ2h0JTIyJTJDJTIwJTJGJTJGJTIwUG9zaXRpb24lMjBtYXklMjBiZSUyMCUyN3JpZ2h0JTI3JTIwb3IlMjAlMjdsZWZ0JTI3JTBBJTIwJTIwJTIwJTIwJTIwJTIwJTIwJTIwJTdEJTNCJTBBJTIwJTIwJTIwJTIwJTIwJTIwJTIwJTIwdmFyJTIwcHJvdG8lMjAlM0QlMjBkb2N1bWVudC5sb2NhdGlvbi5wcm90b2NvbCUyQyUyMGhvc3QlMjAlM0QlMjAlMjJnZXRidXR0b24uaW8lMjIlMkMlMjB1cmwlMjAlM0QlMjBwcm90byUyMCUyQiUyMCUyMiUyRiUyRnN0YXRpYy4lMjIlMjAlMkIlMjBob3N0JTNCJTBBJTIwJTIwJTIwJTIwJTIwJTIwJTIwJTIwdmFyJTIwcyUyMCUzRCUyMGRvY3VtZW50LmNyZWF0ZUVsZW1lbnQlMjglMjdzY3JpcHQlMjclMjklM0IlMjBzLnR5cGUlMjAlM0QlMjAlMjd0ZXh0JTJGamF2YXNjcmlwdCUyNyUzQiUyMHMuYXN5bmMlMjAlM0QlMjB0cnVlJTNCJTIwcy5zcmMlMjAlM0QlMjB1cmwlMjAlMkIlMjAlMjclMkZ3aWRnZXQtc2VuZC1idXR0b24lMkZqcyUyRmluaXQuanMlMjclM0IlMEElMjAlMjAlMjAlMjAlMjAlMjAlMjAlMjBzLm9ubG9hZCUyMCUzRCUyMGZ1bmN0aW9uJTIwJTI4JTI5JTIwJTdCJTIwV2hXaWRnZXRTZW5kQnV0dG9uLmluaXQlMjhob3N0JTJDJTIwcHJvdG8lMkMlMjBvcHRpb25zJTI5JTNCJTIwJTdEJTNCJTBBJTIwJTIwJTIwJTIwJTIwJTIwJTIwJTIwdmFyJTIweCUyMCUzRCUyMGRvY3VtZW50LmdldEVsZW1lbnRzQnlUYWdOYW1lJTI4JTI3c2NyaXB0JTI3JTI5JTVCMCU1RCUzQiUyMHgucGFyZW50Tm9kZS5pbnNlcnRCZWZvcmUlMjhzJTJDJTIweCUyOSUzQiUwQSUyMCUyMCUyMCUyMCU3RCUyOSUyOCUyOSUzQiUwQSUzQyUyRnNjcmlwdCUzRSUzQyUyMS0tJTIwJTJGR2V0QnV0dG9uLmlvJTIwd2lkZ2V0JTIwLS0lM0U=[\/vc_raw_js][\/vc_column][\/vc_row]<\/p>\n<\/div>","protected":false},"excerpt":{"rendered":"<p>[vc_row][vc_column width=\u00bb1\/2&#8243;][vc_btn title=\u00bbSobre H\u00e9ctor Morales\u00bb color=\u00bbpeacoc\u00bb align=\u00bbright\u00bb link=\u00bburl:http%3A%2F%2Ffamiliasencristo.org%2F%3Fpage_id%3D425&#8243;][vc_single_image image=\u00bb16881&#8243; img_size=\u00bbfull\u00bb alignment=\u00bbright\u00bb css=\u00bb\u00bb][\/vc_column][vc_column width=\u00bb1\/2&#8243;][vc_column_text css=\u00bb\u00bb] Nuestro nuevo ministerio En Sanando Familias en Cristo estamos comprometidos con la evangelizaci\u00f3n de las familias a trav\u00e9s del Taller\u2013Seminario Sanando Familias en Cristo, fruto de m\u00e1s de 35 a\u00f1os de experiencia en la evangelizaci\u00f3n y el acompa\u00f1amiento pastoral. Nuestra misi\u00f3n es anunciar a Jesucristo como el centro y fundamento de la vida familiar, ofreciendo un camino de sanaci\u00f3n integral a la luz del Evangelio. Este ministerio nace formalmente en el a\u00f1o 2025, como respuesta a un llamado profundo a servir a las familias de nuestro tiempo, especialmente a aquellas que atraviesan situaciones de dolor, divisi\u00f3n y crisis, y que buscan reencontrarse con la esperanza y la paz que solo Dios puede dar. Nuestra labor se desarrolla con el acompa\u00f1amiento y la gu\u00eda espiritual del Padre Jos\u00e9 Luis Quezada Garc\u00eda, y en plena comuni\u00f3n y fidelidad a las directrices de la Arquidi\u00f3cesis de Guadalajara, dentro del marco de la Iglesia Cat\u00f3lica. A lo largo de los a\u00f1os, nos hemos dedicado a la formaci\u00f3n y evangelizaci\u00f3n de familias mediante talleres presenciales, seminarios de Vida en el Esp\u00edritu y seminarios de Sanaci\u00f3n de Familias. A partir de la experiencia vivida durante la pandemia, ampliamos nuestra misi\u00f3n a la modalidad en l\u00ednea, lo que nos ha permitido llegar a numerosos hogares dentro y fuera de M\u00e9xico. Hoy m\u00e1s que nunca, nuestra sociedad enfrenta una profunda crisis familiar: hogares divididos, heridas marcadas por el rencor, el resentimiento y la falta de perd\u00f3n; familias afectadas por enfermedades, dificultades econ\u00f3micas y una creciente p\u00e9rdida del sentido de Dios. En muchos casos, al desplazar a Dios del centro de nuestros hogares, se ha abierto la puerta al desorden y al sufrimiento. Creemos firmemente que Jesucristo debe ocupar el centro de nuestras familias y de nuestras vidas. Es urgente retomar el camino que nos conduce de regreso a la Casa del Padre, recordando que Jesucristo es el \u00fanico Camino, Verdad y Vida; nadie va al Padre sino por medio de \u00c9l. Venimos de Dios y a Dios regresamos.Nuestra misi\u00f3n es acompa\u00f1ar a las familias en ese regreso, ayud\u00e1ndolas a reencontrarse con el amor, la sanaci\u00f3n y la esperanza que solo Cristo puede ofrecer. Te invitamos a caminar con nosotros Si tu familia necesita sanaci\u00f3n, reconciliaci\u00f3n o renovar su fe, te invitamos a conocer el Taller\u2013Seminario Sanando Familias en Cristo. Permite que Dios restaure lo que hoy parece roto y vuelva a ocupar el lugar que le corresponde en tu hogar. [\/vc_column_text][vc_btn title=\u00bbREGISTRARSE\u00bb color=\u00bbprimary\u00bb css_animation=\u00bbleft-to-right\u00bb css=\u00bb\u00bb link=\u00bburl:https%3A%2F%2Ffamiliasencristo.org%2F%3Fpost_type%3Dproduct%26add-to-cart%3D16784&#8243;][\/vc_column][\/vc_row][vc_row][vc_column][vc_raw_js]JTNDJTIxLS0lMjBHZXRCdXR0b24uaW8lMjB3aWRnZXQlMjAtLSUzRSUzQ3NjcmlwdCUyMHR5cGUlM0QlMjJ0ZXh0JTJGamF2YXNjcmlwdCUyMiUzRSUwQSUyMCUyMCUyMCUyMCUyOGZ1bmN0aW9uJTIwJTI4JTI5JTIwJTdCJTBBJTIwJTIwJTIwJTIwJTIwJTIwJTIwJTIwdmFyJTIwb3B0aW9ucyUyMCUzRCUyMCU3QiUwQSUyMCUyMCUyMCUyMCUyMCUyMCUyMCUyMCUyMCUyMCUyMCUyMHdoYXRzYXBwJTNBJTIwJTIyJTJCNTIzMzE3OTkwNTAzJTIyJTJDJTIwJTJGJTJGJTIwV2hhdHNBcHAlMjBudW1iZXIlMEElMjAlMjAlMjAlMjAlMjAlMjAlMjAlMjAlMjAlMjAlMjAlMjBjYWxsX3RvX2FjdGlvbiUzQSUyMCUyMkVudiVDMyVBRGFub3MlMjB1biUyMG1lbnNhamUlMjIlMkMlMjAlMkYlMkYlMjBDYWxsJTIwdG8lMjBhY3Rpb24lMEElMjAlMjAlMjAlMjAlMjAlMjAlMjAlMjAlMjAlMjAlMjAlMjBwb3NpdGlvbiUzQSUyMCUyMnJpZ2h0JTIyJTJDJTIwJTJGJTJGJTIwUG9zaXRpb24lMjBtYXklMjBiZSUyMCUyN3JpZ2h0JTI3JTIwb3IlMjAlMjdsZWZ0JTI3JTBBJTIwJTIwJTIwJTIwJTIwJTIwJTIwJTIwJTdEJTNCJTBBJTIwJTIwJTIwJTIwJTIwJTIwJTIwJTIwdmFyJTIwcHJvdG8lMjAlM0QlMjBkb2N1bWVudC5sb2NhdGlvbi5wcm90b2NvbCUyQyUyMGhvc3QlMjAlM0QlMjAlMjJnZXRidXR0b24uaW8lMjIlMkMlMjB1cmwlMjAlM0QlMjBwcm90byUyMCUyQiUyMCUyMiUyRiUyRnN0YXRpYy4lMjIlMjAlMkIlMjBob3N0JTNCJTBBJTIwJTIwJTIwJTIwJTIwJTIwJTIwJTIwdmFyJTIwcyUyMCUzRCUyMGRvY3VtZW50LmNyZWF0ZUVsZW1lbnQlMjglMjdzY3JpcHQlMjclMjklM0IlMjBzLnR5cGUlMjAlM0QlMjAlMjd0ZXh0JTJGamF2YXNjcmlwdCUyNyUzQiUyMHMuYXN5bmMlMjAlM0QlMjB0cnVlJTNCJTIwcy5zcmMlMjAlM0QlMjB1cmwlMjAlMkIlMjAlMjclMkZ3aWRnZXQtc2VuZC1idXR0b24lMkZqcyUyRmluaXQuanMlMjclM0IlMEElMjAlMjAlMjAlMjAlMjAlMjAlMjAlMjBzLm9ubG9hZCUyMCUzRCUyMGZ1bmN0aW9uJTIwJTI4JTI5JTIwJTdCJTIwV2hXaWRnZXRTZW5kQnV0dG9uLmluaXQlMjhob3N0JTJDJTIwcHJvdG8lMkMlMjBvcHRpb25zJTI5JTNCJTIwJTdEJTNCJTBBJTIwJTIwJTIwJTIwJTIwJTIwJTIwJTIwdmFyJTIweCUyMCUzRCUyMGRvY3VtZW50LmdldEVsZW1lbnRzQnlUYWdOYW1lJTI4JTI3c2NyaXB0JTI3JTI5JTVCMCU1RCUzQiUyMHgucGFyZW50Tm9kZS5pbnNlcnRCZWZvcmUlMjhzJTJDJTIweCUyOSUzQiUwQSUyMCUyMCUyMCUyMCU3RCUyOSUyOCUyOSUzQiUwQSUzQyUyRnNjcmlwdCUzRSUzQyUyMS0tJTIwJTJGR2V0QnV0dG9uLmlvJTIwd2lkZ2V0JTIwLS0lM0U=[\/vc_raw_js][\/vc_column][\/vc_row]<\/p>\n","protected":false},"author":1,"featured_media":0,"parent":0,"menu_order":0,"comment_status":"closed","ping_status":"closed","template":"","meta":{"footnotes":""},"class_list":["post-124","page","type-page","status-publish","hentry"],"acf":[],"jetpack_sharing_enabled":true,"_links":{"self":[{"href":"https:\/\/familiasencristo.org\/index.php?rest_route=\/wp\/v2\/pages\/124","targetHints":{"allow":["GET"]}}],"collection":[{"href":"https:\/\/familiasencristo.org\/index.php?rest_route=\/wp\/v2\/pages"}],"about":[{"href":"https:\/\/familiasencristo.org\/index.php?rest_route=\/wp\/v2\/types\/page"}],"author":[{"embeddable":true,"href":"https:\/\/familiasencristo.org\/index.php?rest_route=\/wp\/v2\/users\/1"}],"replies":[{"embeddable":true,"href":"https:\/\/familiasencristo.org\/index.php?rest_route=%2Fwp%2Fv2%2Fcomments&post=124"}],"version-history":[{"count":35,"href":"https:\/\/familiasencristo.org\/index.php?rest_route=\/wp\/v2\/pages\/124\/revisions"}],"predecessor-version":[{"id":16882,"href":"https:\/\/familiasencristo.org\/index.php?rest_route=\/wp\/v2\/pages\/124\/revisions\/16882"}],"wp:attachment":[{"href":"https:\/\/familiasencristo.org\/index.php?rest_route=%2Fwp%2Fv2%2Fmedia&parent=124"}],"curies":[{"name":"wp","href":"https:\/\/api.w.org\/{rel}","templated":true}]}}